{"id":10104,"date":"2016-03-16T09:59:18","date_gmt":"2016-03-16T09:59:18","guid":{"rendered":"http:\/\/dummy.wedesignthemes.com\/onelife\/?page_id=4"},"modified":"2020-11-11T13:46:07","modified_gmt":"2020-11-11T12:46:07","slug":"home","status":"publish","type":"page","link":"https:\/\/dr-roje.hr\/en\/","title":{"rendered":"Home"},"content":{"rendered":"<p>[vc_row][vc_column][vc_empty_space height=&#8221;100px&#8221;][\/vc_column][vc_column][vc_column_text el_class=&#8221;aligncenter&#8221;]<div class='dt-sc-small-separator '><\/div>\n<h2>Specialty Fields<\/h2>\n<div class='dt-sc-clear '> <\/div>[\/vc_column_text][\/vc_column][vc_column][vc_empty_space][\/vc_column][vc_column][vc_row_inner equal_height=&#8221;yes&#8221;][vc_column_inner width=&#8221;1\/3&#8243; css=&#8221;.vc_custom_1458192848305{padding-top: 0px !important;padding-right: 0px !important;padding-bottom: 0px !important;padding-left: 0px !important;}&#8221;]<div class='dt-sc-icon-box type10 majorServices'><div class=\"icon-wrapper\"><img width=\"215\" height=\"215\" src=\"https:\/\/dr-roje.hr\/wp-content\/uploads\/2016\/03\/face-shutterstock_381342901_215px.png\" class=\"attachment-full\" alt=\"\" loading=\"lazy\" srcset=\"https:\/\/dr-roje.hr\/wp-content\/uploads\/2016\/03\/face-shutterstock_381342901_215px.png 215w, https:\/\/dr-roje.hr\/wp-content\/uploads\/2016\/03\/face-shutterstock_381342901_215px-150x150.png 150w, https:\/\/dr-roje.hr\/wp-content\/uploads\/2016\/03\/face-shutterstock_381342901_215px-200x200.png 200w\" sizes=\"(max-width: 215px) 100vw, 215px\" \/><\/div><div class=\"icon-content\"><h4><\/p>\n<h1>Face & Anti-Aging<\/h1>\n<p><\/h4><p><\/p><\/div><\/div>[\/vc_column_inner][vc_column_inner width=&#8221;1\/3&#8243; css=&#8221;.vc_custom_1458192854380{padding-top: 0px !important;padding-right: 0px !important;padding-bottom: 0px !important;padding-left: 0px !important;}&#8221;]<div class='dt-sc-icon-box type10 majorServices'><div class=\"icon-wrapper\"><img width=\"215\" height=\"215\" src=\"https:\/\/dr-roje.hr\/wp-content\/uploads\/2016\/03\/abdomen-shutterstock_109377953_215px-1.png\" class=\"attachment-full\" alt=\"\" loading=\"lazy\" srcset=\"https:\/\/dr-roje.hr\/wp-content\/uploads\/2016\/03\/abdomen-shutterstock_109377953_215px-1.png 215w, https:\/\/dr-roje.hr\/wp-content\/uploads\/2016\/03\/abdomen-shutterstock_109377953_215px-1-150x150.png 150w, https:\/\/dr-roje.hr\/wp-content\/uploads\/2016\/03\/abdomen-shutterstock_109377953_215px-1-200x200.png 200w\" sizes=\"(max-width: 215px) 100vw, 215px\" \/><\/div><div class=\"icon-content\"><h4><\/p>\n<h1>Body Aesthetic Plastic Surgery<\/h1>\n<p><\/h4><p><\/p><\/div><\/div>[\/vc_column_inner][vc_column_inner width=&#8221;1\/3&#8243; css=&#8221;.vc_custom_1458192860997{padding-top: 0px !important;padding-right: 0px !important;padding-bottom: 0px !important;padding-left: 0px !important;}&#8221;]<div class='dt-sc-icon-box type10 majorServices'><div class=\"icon-wrapper\"><img width=\"215\" height=\"215\" src=\"https:\/\/dr-roje.hr\/wp-content\/uploads\/2016\/03\/breast-shutterstock_109972181_215px.png\" class=\"attachment-full\" alt=\"\" loading=\"lazy\" srcset=\"https:\/\/dr-roje.hr\/wp-content\/uploads\/2016\/03\/breast-shutterstock_109972181_215px.png 215w, https:\/\/dr-roje.hr\/wp-content\/uploads\/2016\/03\/breast-shutterstock_109972181_215px-150x150.png 150w, https:\/\/dr-roje.hr\/wp-content\/uploads\/2016\/03\/breast-shutterstock_109972181_215px-200x200.png 200w\" sizes=\"(max-width: 215px) 100vw, 215px\" \/><\/div><div class=\"icon-content\"><h4><\/p>\n<h1>Breast<\/h1>\n<p><\/h4><p><\/p><\/div><\/div>[\/vc_column_inner][\/vc_row_inner][vc_row_inner equal_height=&#8221;yes&#8221;][vc_column_inner width=&#8221;1\/3&#8243; css=&#8221;.vc_custom_1458192848305{padding-top: 0px !important;padding-right: 0px !important;padding-bottom: 0px !important;padding-left: 0px !important;}&#8221;]<div class='dt-sc-icon-box type10 majorServices'><div class=\"icon-wrapper\"><img width=\"215\" height=\"215\" src=\"https:\/\/dr-roje.hr\/wp-content\/uploads\/2016\/03\/hand-shutterstock_402115846_215px.png\" class=\"attachment-full\" alt=\"\" loading=\"lazy\" srcset=\"https:\/\/dr-roje.hr\/wp-content\/uploads\/2016\/03\/hand-shutterstock_402115846_215px.png 215w, https:\/\/dr-roje.hr\/wp-content\/uploads\/2016\/03\/hand-shutterstock_402115846_215px-150x150.png 150w, https:\/\/dr-roje.hr\/wp-content\/uploads\/2016\/03\/hand-shutterstock_402115846_215px-200x200.png 200w\" sizes=\"(max-width: 215px) 100vw, 215px\" \/><\/div><div class=\"icon-content\"><h4><\/p>\n<h1>Hand Surgery<\/h1>\n<p><\/h4><p><\/p><\/div><\/div>[\/vc_column_inner][vc_column_inner width=&#8221;1\/3&#8243; css=&#8221;.vc_custom_1458192854380{padding-top: 0px !important;padding-right: 0px !important;padding-bottom: 0px !important;padding-left: 0px !important;}&#8221;]<div class='dt-sc-icon-box type10 majorServices'><div class=\"icon-wrapper\"><img width=\"215\" height=\"215\" src=\"https:\/\/dr-roje.hr\/wp-content\/uploads\/2016\/03\/pointing_stain-shutterstock_581710051_215px.png\" class=\"attachment-full\" alt=\"\" loading=\"lazy\" srcset=\"https:\/\/dr-roje.hr\/wp-content\/uploads\/2016\/03\/pointing_stain-shutterstock_581710051_215px.png 215w, https:\/\/dr-roje.hr\/wp-content\/uploads\/2016\/03\/pointing_stain-shutterstock_581710051_215px-150x150.png 150w, https:\/\/dr-roje.hr\/wp-content\/uploads\/2016\/03\/pointing_stain-shutterstock_581710051_215px-200x200.png 200w\" sizes=\"(max-width: 215px) 100vw, 215px\" \/><\/div><div class=\"icon-content\"><h4><\/p>\n<h1>Skin, Wound & Burn<\/h1>\n<p><\/h4><p><\/p><\/div><\/div>[\/vc_column_inner][vc_column_inner width=&#8221;1\/3&#8243; css=&#8221;.vc_custom_1458192860997{padding-top: 0px !important;padding-right: 0px !important;padding-bottom: 0px !important;padding-left: 0px !important;}&#8221;]<div class='dt-sc-icon-box type10 majorServices'><div class=\"icon-wrapper\"><img width=\"252\" height=\"215\" src=\"https:\/\/dr-roje.hr\/wp-content\/uploads\/2016\/03\/women_pink_ribbon-shutterstock_332565929_3a_215px.png\" class=\"attachment-full\" alt=\"\" loading=\"lazy\" \/><\/div><div class=\"icon-content\"><h4><\/p>\n<h1>Breast Examination and Surgery<\/h1>\n<p><\/h4><p><\/p><\/div><\/div>[\/vc_column_inner][\/vc_row_inner][\/vc_column][vc_column offset=&#8221;vc_hidden-md vc_hidden-sm vc_hidden-xs&#8221;][vc_empty_space height=&#8221;105px&#8221;][\/vc_column][\/vc_row][vc_row el_class=&#8221;parallax-quote-content&#8221;][vc_column css=&#8221;.vc_custom_1461753611726{padding-top: 60px !important;padding-right: 40px !important;padding-bottom: 0px !important;padding-left: 0px !important;}&#8221; el_class=&#8221;dt-sc-background-one&#8221;][vc_row_inner css=&#8221;.vc_custom_1458208348490{background-position: center !important;background-repeat: no-repeat !important;background-size: contain !important;}&#8221;][vc_column_inner css=&#8221;.vc_custom_1462875039970{padding-top: 6px !important;}&#8221;][vc_column_text el_class=&#8221;parallax-quote&#8221;]<\/p>\n<p style=\"text-align: left;\"><div class='dt-sc-small-separator '><\/div>\n<h2 style=\"text-align: center;\">Neka Va\u0161a promjena zapo\u010dne s nama<\/h2>\n<div class='dt-sc-clear '> <\/div>[\/vc_column_text][\/vc_column_inner][\/vc_row_inner][vc_row_inner equal_height=&#8221;yes&#8221; css=&#8221;.vc_custom_1458815546962{margin-top: 0px !important;margin-right: 0px !important;margin-bottom: 0px !important;margin-left: 0px !important;padding-top: 0px !important;padding-right: 0px !important;padding-bottom: 0px !important;padding-left: 0px !important;}&#8221;][vc_column_inner el_class=&#8221;doctor-quote&#8221; width=&#8221;1\/2&#8243; css=&#8221;.vc_custom_1462956519976{margin-top: -15px !important;margin-right: 0px !important;margin-left: 0px !important;background-position: center !important;background-repeat: no-repeat !important;background-size: cover !important;}&#8221; offset=&#8221;vc_hidden-sm vc_hidden-xs&#8221;][vc_single_image image=&#8221;10276&#8243; img_size=&#8221;full&#8221;][\/vc_column_inner][vc_column_inner width=&#8221;1\/2&#8243; css=&#8221;.vc_custom_1462875605599{margin-right: 0px !important;margin-left: 0px !important;padding-right: 0px !important;}&#8221;][vc_column_text el_class=&#8221;alignleft&#8221;]<\/p>\n<blockquote>\n<p style=\"padding-left: 30px;\">\u010cesto i manja korekcija odre\u0111ene karakteristike lica ili tijela pozitivno utje\u010de na Va\u0161u vlastitu sliku o sebi, \u0161to zna\u010dajno pridonosi daljnjim pozitivnim promjenama u svim aspektima Va\u0161eg \u017eivota.<\/p>\n<p style=\"padding-left: 30px;\">Na\u0161e dugogodi\u0161nje iskustvo vrijedno je povjerenja,<\/p>\n<p style=\"padding-left: 30px;\"><img loading=\"lazy\" class=\"size-full wp-image-10295 alignleft\" src=\"https:\/\/dr-roje.hr\/wp-content\/uploads\/2016\/03\/potpis_159px.png\" alt=\"\" width=\"159\" height=\"53\" \/><\/p>\n<\/blockquote>\n<p>[\/vc_column_text][\/vc_column_inner][\/vc_row_inner][\/vc_column][\/vc_row][vc_row full_width=&#8221;stretch_row&#8221; content_placement=&#8221;middle&#8221; parallax=&#8221;content-moving&#8221; parallax_image=&#8221;10370&#8243; text_color=&#8221;#ffffff&#8221; el_class=&#8221;white-text&#8221; css=&#8221;.vc_custom_1491762906444{background-color: rgba(0,0,0,0.95) !important;*background-color: rgb(0,0,0) !important;}&#8221;][vc_column width=&#8221;1\/2&#8243;][\/vc_column][vc_column width=&#8221;1\/2&#8243; css=&#8221;.vc_custom_1458216125464{margin-top: 72px !important;margin-left: 20px !important;}&#8221;][vc_column_text css=&#8221;.vc_custom_1491780790478{margin-bottom: 28px !important;}&#8221;]<\/p>\n<h2>O nama<\/h2>\n<p>[\/vc_column_text][vc_column_text css=&#8221;.vc_custom_1493832544335{margin-bottom: 28px !important;}&#8221;]<strong>Doc. dr. sc. Zdravko Roje<\/strong> specijalist je plasti\u010dne, rekonstruktivne i estetske kirurgije, stalni sudski vje\u0161tak iz plasti\u010dne, rekonstruktivne i estetske kirurgije i predava\u010d na Katedri za kirurgiju Medicinskog fakulteta u Splitu.<\/p>\n<p>Kao \u010dlan <strong>hrvatskog, ameri\u010dkog i europskog dru\u0161tva za plasti\u010dnu, rekonstruktivnu i estetsku kirurgiju<\/strong> (HDPREK, ISAPS, ASPS, ESPRAS) dr. Roje posjeduje certifikat koji obvezuje na najvi\u0161i standard skrbi o pacijentima.<\/p>\n<p>U suradnji s timom splitske <strong>Poliklinike Korak<\/strong> otvoren je <strong>Centar estetske i plasti\u010dno rekonstruktivne kirurgije te anti-aging medicine<\/strong>.[\/vc_column_text][vc_empty_space height=&#8221;40px&#8221;][vc_column_text]<\/p>\n<h2>\u010clanstva u stru\u010dnim dru\u0161tvima<\/h2>\n<p>[\/vc_column_text][vc_row_inner css=&#8221;.vc_custom_1458218912137{margin-bottom: 15px !important;}&#8221;][vc_column_inner width=&#8221;1\/4&#8243;][vc_single_image image=&#8221;10428&#8243; img_size=&#8221;full&#8221; alignment=&#8221;center&#8221; onclick=&#8221;custom_link&#8221; img_link_target=&#8221;_blank&#8221; link=&#8221;http:\/\/hdprek.hlz.hr&#8221;][\/vc_column_inner][vc_column_inner width=&#8221;1\/4&#8243;][vc_single_image image=&#8221;10426&#8243; img_size=&#8221;full&#8221; alignment=&#8221;center&#8221; onclick=&#8221;custom_link&#8221; img_link_target=&#8221;_blank&#8221; link=&#8221;https:\/\/www.isaps.org&#8221;][\/vc_column_inner][vc_column_inner width=&#8221;1\/4&#8243;][vc_single_image image=&#8221;10425&#8243; img_size=&#8221;full&#8221; alignment=&#8221;center&#8221; onclick=&#8221;custom_link&#8221; img_link_target=&#8221;_blank&#8221; link=&#8221;https:\/\/www.plasticsurgery.org&#8221;][\/vc_column_inner][vc_column_inner width=&#8221;1\/4&#8243;][vc_single_image image=&#8221;10429&#8243; img_size=&#8221;full&#8221; alignment=&#8221;center&#8221; onclick=&#8221;custom_link&#8221; img_link_target=&#8221;_blank&#8221; link=&#8221;https:\/\/espras.org&#8221;][\/vc_column_inner][\/vc_row_inner][\/vc_column][\/vc_row][vc_row full_width=&#8221;stretch_row&#8221; css=&#8221;.vc_custom_1465020046433{padding-top: 30px !important;padding-bottom: 30px !important;}&#8221; el_class=&#8221;dt-sc-background-two white-text&#8221;][vc_column css=&#8221;.vc_custom_1458278632137{padding-right: 0px !important;padding-left: 0px !important;}&#8221;][vc_row_inner el_class=&#8221;contact-with-border aligncenter&#8221;][vc_column_inner width=&#8221;1\/3&#8243; css=&#8221;.vc_custom_1462878361579{margin-right: 0px !important;margin-left: 0px !important;padding-right: 0px !important;padding-left: 0px !important;}&#8221;][vc_column_text css=&#8221;.vc_custom_1493830271786{margin-top: 0px !important;margin-right: 0px !important;margin-bottom: 0px !important;margin-left: 0px !important;}&#8221;]<div class='dt-sc-contact-info  '><span class='fa fa-phone'> <\/span><a href=\"tel:+385 91 506 9254\">+385 91 506 9254<\/a><\/div>[\/vc_column_text][\/vc_column_inner][vc_column_inner width=&#8221;1\/3&#8243; css=&#8221;.vc_custom_1462876896957{margin-right: 0px !important;margin-left: -20px !important;padding-right: 0px !important;padding-left: 0px !important;}&#8221;][vc_column_text css=&#8221;.vc_custom_1493830377412{margin-top: 0px !important;margin-right: 0px !important;margin-bottom: 0px !important;margin-left: 0px !important;}&#8221;]<div class='dt-sc-contact-info  '><span class='fa fa-envelope'> <\/span><a href=\"mailto:zdravko@dr-roje.hr\">zdravko@dr-roje.hr<\/a><\/div>[\/vc_column_text][\/vc_column_inner][vc_column_inner width=&#8221;1\/3&#8243; css=&#8221;.vc_custom_1462878372720{margin-right: 0px !important;margin-left: 0px !important;padding-right: 0px !important;padding-left: 0px !important;}&#8221;][vc_column_text css=&#8221;.vc_custom_1491683390791{margin-top: 0px !important;margin-right: 0px !important;margin-bottom: 0px !important;margin-left: 0px !important;}&#8221;]<\/p>\n<p style=\"text-align: left;\"><div class='dt-sc-contact-info  '><span class='fa fa-map-marker'> <\/span>Papandopulova ulica 10, Split, Croatia<\/div>\n<p>[\/vc_column_text][\/vc_column_inner][\/vc_row_inner][\/vc_column][\/vc_row][vc_row full_width=&#8221;stretch_row&#8221; content_placement=&#8221;middle&#8221; css=&#8221;.vc_custom_1493833725342{background-image: url(https:\/\/dr-roje.hr\/wp-content\/uploads\/2016\/03\/appointment-parallax_skin.jpg?id=10765) !important;background-position: 0 0 !important;background-repeat: no-repeat !important;}&#8221; el_class=&#8221;white-text appointment-form&#8221; addstyles=&#8221;overflow: visible; background-position: bottom !important;&#8221;][vc_column width=&#8221;1\/2&#8243; el_class=&#8221;dt-sc-three-fifth&#8221; offset=&#8221;vc_hidden-sm vc_hidden-xs&#8221;][\/vc_column][vc_column width=&#8221;1\/2&#8243; el_class=&#8221;dt-sc-two-fifth&#8221; addstyles=&#8221;float: right;&#8221;][vc_empty_space height=&#8221;95px&#8221;][vc_column_text el_class=&#8221;inherit&#8221;]<div class='dt-sc-small-separator '><\/div>\n<h2>Ugovorite pregled<\/h2>\n<p>[\/vc_column_text]<div role=\"form\" class=\"wpcf7\" id=\"wpcf7-f10433-o1\" lang=\"en-US\" dir=\"ltr\">\n<div class=\"screen-reader-response\"><p role=\"status\" aria-live=\"polite\" aria-atomic=\"true\"><\/p> <ul><\/ul><\/div>\n<form action=\"\/en\/wp-json\/wp\/v2\/pages\/10104#wpcf7-f10433-o1\" method=\"post\" class=\"wpcf7-form init\" novalidate=\"novalidate\" data-status=\"init\">\n<div style=\"display: none;\">\n<input type=\"hidden\" name=\"_wpcf7\" value=\"10433\" \/>\n<input type=\"hidden\" name=\"_wpcf7_version\" value=\"5.3\" \/>\n<input type=\"hidden\" name=\"_wpcf7_locale\" value=\"en_US\" \/>\n<input type=\"hidden\" name=\"_wpcf7_unit_tag\" value=\"wpcf7-f10433-o1\" \/>\n<input type=\"hidden\" name=\"_wpcf7_container_post\" value=\"0\" \/>\n<input type=\"hidden\" name=\"_wpcf7_posted_data_hash\" value=\"\" \/>\n<\/div>\n<p><label> Va\u0161e ime (obavezno)<br \/>\n    <span class=\"wpcf7-form-control-wrap your-name\"><input type=\"text\" name=\"your-name\" value=\"\" size=\"40\" class=\"wpcf7-form-control wpcf7-text wpcf7-validates-as-required\" aria-required=\"true\" aria-invalid=\"false\" \/><\/span> <\/label><\/p>\n<p><label> Va\u0161 Email (obavezno)<br \/>\n    <span class=\"wpcf7-form-control-wrap your-email\"><input type=\"email\" name=\"your-email\" value=\"\" size=\"40\" class=\"wpcf7-form-control wpcf7-text wpcf7-email wpcf7-validates-as-required wpcf7-validates-as-email\" aria-required=\"true\" aria-invalid=\"false\" \/><\/span> <\/label><\/p>\n<p><label> Naslov<br \/>\n    <span class=\"wpcf7-form-control-wrap your-subject\"><input type=\"text\" name=\"your-subject\" value=\"\" size=\"40\" class=\"wpcf7-form-control wpcf7-text\" aria-invalid=\"false\" \/><\/span> <\/label><\/p>\n<p><label> Va\u0161a poruka<br \/>\n    <span class=\"wpcf7-form-control-wrap your-message\"><textarea name=\"your-message\" cols=\"40\" rows=\"10\" class=\"wpcf7-form-control wpcf7-textarea\" aria-invalid=\"false\"><\/textarea><\/span> <\/label><\/p>\n<p><input type=\"submit\" value=\"Po\u0161alji\" class=\"wpcf7-form-control wpcf7-submit\" \/><\/p>\n<div class=\"wpcf7-response-output\" aria-hidden=\"true\"><\/div><\/form><\/div>[\/vc_column][\/vc_row]<\/p>\n","protected":false},"excerpt":{"rendered":"<p>[vc_row][vc_column][vc_empty_space height=&#8221;100px&#8221;][\/vc_column][vc_column][vc_column_text el_class=&#8221;aligncenter&#8221;] Specialty Fields [\/vc_column_text][\/vc_column][vc_column][vc_empty_space][\/vc_column][vc_column][vc_row_inner equal_height=&#8221;yes&#8221;][vc_column_inner width=&#8221;1\/3&#8243; css=&#8221;.vc_custom_1458192848305{padding-top: 0px !important;padding-right: 0px !important;padding-bottom: 0px !important;padding-left: 0px !important;}&#8221;][\/vc_column_inner][vc_column_inner width=&#8221;1\/3&#8243; css=&#8221;.vc_custom_1458192854380{padding-top: 0px !important;padding-right: 0px !important;padding-bottom: 0px !important;padding-left: 0px !important;}&#8221;][\/vc_column_inner][vc_column_inner width=&#8221;1\/3&#8243; css=&#8221;.vc_custom_1458192860997{padding-top: 0px !important;padding-right: 0px !important;padding-bottom: 0px !important;padding-left: 0px !important;}&#8221;][\/vc_column_inner][\/vc_row_inner][vc_row_inner equal_height=&#8221;yes&#8221;][vc_column_inner width=&#8221;1\/3&#8243; css=&#8221;.vc_custom_1458192848305{padding-top: 0px !important;padding-right: 0px !important;padding-bottom: 0px !important;padding-left: 0px !important;}&#8221;][\/vc_column_inner][vc_column_inner width=&#8221;1\/3&#8243; css=&#8221;.vc_custom_1458192854380{padding-top: 0px !important;padding-right: 0px !important;padding-bottom: 0px [&hellip;]<\/p>\n","protected":false},"author":1,"featured_media":0,"parent":0,"menu_order":0,"comment_status":"closed","ping_status":"closed","template":"","meta":[],"translation":{"provider":"WPGlobus","version":"2.5.16","language":"en","enabled_languages":["hr","en"],"languages":{"hr":{"title":true,"content":true,"excerpt":false},"en":{"title":true,"content":true,"excerpt":false}}},"_links":{"self":[{"href":"https:\/\/dr-roje.hr\/en\/wp-json\/wp\/v2\/pages\/10104"}],"collection":[{"href":"https:\/\/dr-roje.hr\/en\/wp-json\/wp\/v2\/pages"}],"about":[{"href":"https:\/\/dr-roje.hr\/en\/wp-json\/wp\/v2\/types\/page"}],"author":[{"embeddable":true,"href":"https:\/\/dr-roje.hr\/en\/wp-json\/wp\/v2\/users\/1"}],"replies":[{"embeddable":true,"href":"https:\/\/dr-roje.hr\/en\/wp-json\/wp\/v2\/comments?post=10104"}],"version-history":[{"count":83,"href":"https:\/\/dr-roje.hr\/en\/wp-json\/wp\/v2\/pages\/10104\/revisions"}],"predecessor-version":[{"id":10823,"href":"https:\/\/dr-roje.hr\/en\/wp-json\/wp\/v2\/pages\/10104\/revisions\/10823"}],"wp:attachment":[{"href":"https:\/\/dr-roje.hr\/en\/wp-json\/wp\/v2\/media?parent=10104"}],"curies":[{"name":"wp","href":"https:\/\/api.w.org\/{rel}","templated":true}]}}